{"id":4006,"date":"2024-04-17T11:09:55","date_gmt":"2024-04-17T09:09:55","guid":{"rendered":"https:\/\/xamine.com\/?page_id=4006"},"modified":"2024-04-18T17:29:06","modified_gmt":"2024-04-18T15:29:06","slug":"cookie-richtlinie-eu","status":"publish","type":"page","link":"https:\/\/xamine.com\/de\/cookie-richtlinie-eu\/","title":{"rendered":"Cookie-Richtlinie (EU)"},"content":{"rendered":"<p><div class=\"fusion-fullwidth fullwidth-box fusion-builder-row-1 fusion-flex-container has-pattern-background has-mask-background nonhundred-percent-fullwidth non-hundred-percent-height-scrolling fusion-no-small-visibility\" style=\"--awb-border-radius-top-left:0px;--awb-border-radius-top-right:0px;--awb-border-radius-bottom-right:0px;--awb-border-radius-bottom-left:0px;--awb-flex-wrap:wrap;\" ><div class=\"fusion-builder-row fusion-row fusion-flex-align-items-flex-start fusion-flex-content-wrap\" style=\"max-width:1372.8px;margin-left: calc(-4% \/ 2 );margin-right: calc(-4% \/ 2 );\"><div class=\"fusion-layout-column fusion_builder_column fusion-builder-column-0 fusion_builder_column_1_1 1_1 fusion-flex-column\" style=\"--awb-bg-size:cover;--awb-width-large:100%;--awb-margin-top-large:0px;--awb-spacing-right-large:1.92%;--awb-margin-bottom-large:0px;--awb-spacing-left-large:1.92%;--awb-width-medium:100%;--awb-spacing-right-medium:1.92%;--awb-spacing-left-medium:1.92%;--awb-width-small:100%;--awb-spacing-right-small:1.92%;--awb-spacing-left-small:1.92%;\"><div class=\"fusion-column-wrapper fusion-flex-justify-content-flex-start fusion-content-layout-column\"><div class=\"fusion-text fusion-text-1\"><h1>Cookie-Richtlinie<\/h1>\n<h1><i style=\"font-size: 15px; color: #161010;\">Diese Cookie-Richtlinie (EU) wurde zuletzt am 18. Juli 2021 aktualisiert und gilt f\u00fcr B\u00fcrger und rechtm\u00e4\u00dfige st\u00e4ndige Einwohner des Europ\u00e4ischen Wirtschaftsraums.<\/i><\/h1>\n<div class=\"entry-content\">\n<div id=\"cmplz-document\" class=\"cmplz-document cookie-statement\">\n<h2>1. Einleitung<\/h2>\n<p>Unsere Website <a href=\"https:\/\/xamine.com\">https:\/\/xamine.com<\/a> (im Folgenden: &#8220;die Website&#8221;) verwendet Cookies und andere damit verbundene Technologien (der Einfachheit halber werden alle Technologien als &#8220;Cookies&#8221; bezeichnet). Cookies werden auch von Dritten platziert, die wir beauftragt haben. Im folgenden Dokument informieren wir Sie \u00fcber die Verwendung von Cookies auf unserer Website.<\/p>\n<h2>2. Was sind Cookies?<\/h2>\n<p>Ein Cookie ist eine kleine einfache Datei, die zusammen mit Seiten dieser Website gesendet und von Ihrem Browser auf der Festplatte Ihres Computers oder eines anderen Ger\u00e4ts gespeichert wird. Die darin gespeicherten Informationen k\u00f6nnen bei einem sp\u00e4teren Besuch an unsere Server oder an die Server der entsprechenden Dritten zur\u00fcckgegeben werden.<\/p>\n<h2>3. Was sind Skripte?<\/h2>\n<p>Ein Skript ist ein St\u00fcck Programmcode, der verwendet wird, damit unsere Website richtig und interaktiv funktioniert. Dieser Code wird auf unserem Server oder auf Ihrem Ger\u00e4t ausgef\u00fchrt.<\/p>\n<h2>4. Was ist ein Web-Beacon?<\/h2>\n<p>Ein Web Beacon (oder ein Pixel-Tag) ist ein kleiner, unsichtbarer Text oder ein Bild auf einer Website, das verwendet wird, um den Verkehr auf einer Website zu \u00fcberwachen. Dazu werden mittels Web Beacons verschiedene Daten \u00fcber Sie gespeichert.<\/p>\n<h2>5. Cookies<\/h2>\n<p class=\"cmplz-subtitle\">5.1 Technische oder funktionale Cookies<\/p>\n<p>Einige Cookies stellen sicher, dass bestimmte Teile der Website ordnungsgem\u00e4\u00df funktionieren und Ihre Benutzereinstellungen bekannt bleiben. Durch das Setzen von funktionalen Cookies erleichtern wir Ihnen den Besuch unserer Website. Auf diese Weise m\u00fcssen Sie beim Besuch unserer Website nicht immer wieder die gleichen Informationen eingeben und die Artikel bleiben beispielsweise im Warenkorb, bis Sie bezahlt haben. Wir k\u00f6nnen diese Cookies ohne Ihre Zustimmung platzieren.<\/p>\n<p class=\"cmplz-subtitle\">5.2 Statistik-Cookies<\/p>\n<p>Da Statistiken anonym verfolgt werden, wird keine Erlaubnis zum Setzen von Statistik-Cookies verlangt.<\/p>\n<p class=\"cmplz-subtitle\">5.3 Marketing-\/Tracking-Cookies<\/p>\n<p>Marketing-\/Tracking-Cookies sind Cookies oder jede andere Form der lokalen Speicherung, die verwendet werden, um Benutzerprofile zu erstellen, um Werbung anzuzeigen oder den Benutzer auf dieser Website oder \u00fcber mehrere Websites f\u00fcr \u00e4hnliche Marketingzwecke zu verfolgen.<\/p>\n<h2>6. Platzierte Cookies<\/h2>\n<ul>\n<li>Divi (Elegante Themen)<\/li>\n<li>Google ReCapcha<\/li>\n<\/ul>\n<h2>7. Zustimmung<\/h2>\n<p>Wenn Sie unsere Website zum ersten Mal besuchen, zeigen wir Ihnen ein Pop-up mit einer Erkl\u00e4rung zu Cookies an. Sobald Sie auf \u201eEinstellungen speichern\u201c klicken, stimmen Sie zu, dass wir die von Ihnen im Pop-up ausgew\u00e4hlten Kategorien von Cookies und Plug-ins verwenden, wie in dieser Cookie-Richtlinie beschrieben. Sie k\u00f6nnen die Verwendung von Cookies \u00fcber Ihren Browser deaktivieren, beachten Sie jedoch, dass unsere Website m\u00f6glicherweise nicht mehr richtig funktioniert.<\/p>\n<h2>8. Ihre Rechte in Bezug auf personenbezogene Daten<\/h2>\n<p>Sie haben bez\u00fcglich Ihrer personenbezogenen Daten folgende Rechte:<\/p>\n<ul>\n<li>Sie haben das Recht zu erfahren, warum Ihre personenbezogenen Daten ben\u00f6tigt werden, was mit ihnen passiert und wie lange sie gespeichert werden.<\/li>\n<li>Auskunftsrecht: Sie haben das Recht auf Auskunft \u00fcber Ihre uns bekannten personenbezogenen Daten.<\/li>\n<li>Recht auf Berichtigung: Sie haben jederzeit das Recht, Ihre personenbezogenen Daten zu erg\u00e4nzen, zu berichtigen, zu l\u00f6schen oder zu sperren.<\/li>\n<li>Wenn Sie uns Ihre Einwilligung zur Verarbeitung Ihrer Daten erteilen, haben Sie das Recht, diese Einwilligung zu widerrufen und Ihre personenbezogenen Daten l\u00f6schen zu lassen.<\/li>\n<li>Recht auf \u00dcbermittlung Ihrer Daten: Sie haben das Recht, alle Ihre personenbezogenen Daten vom Verantwortlichen anzufordern und vollst\u00e4ndig an einen anderen Verantwortlichen zu \u00fcbermitteln.<\/li>\n<li>Widerspruchsrecht: Sie k\u00f6nnen der Verarbeitung Ihrer Daten widersprechen. Dem kommen wir nach, es sei denn, es liegen berechtigte Gr\u00fcnde f\u00fcr die Verarbeitung vor.<\/li>\n<\/ul>\n<p>Um diese Rechte auszu\u00fcben, kontaktieren Sie uns bitte. Bitte beachten Sie die Kontaktdaten am Ende dieser Cookie-Richtlinie. Wenn Sie eine Beschwerde \u00fcber unseren Umgang mit Ihren Daten haben, w\u00fcrden wir gerne von Ihnen h\u00f6ren, aber Sie haben auch das Recht, eine Beschwerde bei der Aufsichtsbeh\u00f6rde (der Datenschutzbeh\u00f6rde) einzureichen.<\/p>\n<h2>9. Aktivieren\/Deaktivieren und L\u00f6schen von Cookies<\/h2>\n<p>Sie k\u00f6nnen Ihren Internetbrowser verwenden, um Cookies automatisch oder manuell zu l\u00f6schen. Sie k\u00f6nnen auch festlegen, dass bestimmte Cookies nicht gesetzt werden d\u00fcrfen. Eine andere M\u00f6glichkeit besteht darin, die Einstellungen Ihres Internetbrowsers so zu \u00e4ndern, dass Sie jedes Mal, wenn ein Cookie gesetzt wird, eine Nachricht erhalten. Weitere Informationen zu diesen Optionen finden Sie in den Anweisungen im Hilfebereich Ihres Browsers.<\/p>\n<p>Bitte beachten Sie, dass unsere Website m\u00f6glicherweise nicht richtig funktioniert, wenn alle Cookies deaktiviert sind. Wenn Sie die Cookies in Ihrem Browser l\u00f6schen, werden diese nach Ihrer Einwilligung bei einem erneuten Besuch unserer Webseiten erneut gesetzt.<\/p>\n<h2>10. Kontaktdaten<\/h2>\n<p>Bei Fragen und\/oder Kommentaren zu unserer Cookie-Richtlinie und dieser Erkl\u00e4rung kontaktieren Sie uns bitte \u00fcber die folgenden Kontaktdaten:<\/p>\n<p>Xamine GmbH<br \/>\nRoggenweg 7<br \/>\n84174 Eching<br \/>\nDeutschland<br \/>\nWebsite: <a href=\"https:\/\/xamine.com\">https:\/\/xamine.com<\/a><br \/>\nEmail:<a href=\"mailto:info@xamine.com\"> info@xamine.com<\/a><br \/>\nTelefonnummer: +49 89 1250 146-0<\/p>\n<p>Diese Cookie-Richtlinie wurde synchronisiert mit<a href=\"https:\/\/cookiedatabase.org\" target=\"_blank\" rel=\"noopener\"> cookiedatabase.org<\/a> am 18. Juli 2021<\/p>\n<\/div>\n<\/div>\n<\/div><\/div><\/div><\/div><\/div><div class=\"fusion-fullwidth fullwidth-box fusion-builder-row-2 fusion-flex-container has-pattern-background has-mask-background nonhundred-percent-fullwidth non-hundred-percent-height-scrolling fusion-no-medium-visibility fusion-no-large-visibility\" style=\"--awb-border-radius-top-left:0px;--awb-border-radius-top-right:0px;--awb-border-radius-bottom-right:0px;--awb-border-radius-bottom-left:0px;--awb-flex-wrap:wrap;\" ><div class=\"fusion-builder-row fusion-row fusion-flex-align-items-flex-start fusion-flex-content-wrap\" style=\"max-width:1372.8px;margin-left: calc(-4% \/ 2 );margin-right: calc(-4% \/ 2 );\"><div class=\"fusion-layout-column fusion_builder_column fusion-builder-column-1 fusion_builder_column_1_1 1_1 fusion-flex-column\" style=\"--awb-bg-size:cover;--awb-width-large:100%;--awb-margin-top-large:0px;--awb-spacing-right-large:1.92%;--awb-margin-bottom-large:0px;--awb-spacing-left-large:1.92%;--awb-width-medium:100%;--awb-spacing-right-medium:1.92%;--awb-spacing-left-medium:1.92%;--awb-width-small:100%;--awb-spacing-right-small:1.92%;--awb-spacing-left-small:1.92%;\"><div class=\"fusion-column-wrapper fusion-flex-justify-content-flex-start fusion-content-layout-column\"><div class=\"fusion-text fusion-text-2\"><p><strong><span style=\"font-size: 18pt;\">Cookie-Richtlinie<\/span><\/strong><br \/>\n<i style=\"font-size: 15px; color: #161010;\">Diese Cookie-Richtlinie (EU) wurde zuletzt am 18. Juli 2021 aktualisiert und gilt f\u00fcr B\u00fcrger und rechtm\u00e4\u00dfige st\u00e4ndige Einwohner des Europ\u00e4ischen Wirtschaftsraums.<\/i><\/p>\n<div class=\"entry-content\">\n<div id=\"cmplz-document\" class=\"cmplz-document cookie-statement\">\n<p><strong><span style=\"font-size: 14pt;\">1. Einleitung<\/span><\/strong><\/p>\n<p>Unsere Website <a href=\"https:\/\/xamine.com\">https:\/\/xamine.com<\/a> (im Folgenden: &#8220;die Website&#8221;) verwendet Cookies und andere damit verbundene Technologien (der Einfachheit halber werden alle Technologien als &#8220;Cookies&#8221; bezeichnet). Cookies werden auch von Dritten platziert, die wir beauftragt haben. Im folgenden Dokument informieren wir Sie \u00fcber die Verwendung von Cookies auf unserer Website.<\/p>\n<p><strong><span style=\"font-size: 14pt;\">2. Was sind Cookies?<\/span><\/strong><\/p>\n<p>Ein Cookie ist eine kleine einfache Datei, die zusammen mit Seiten dieser Website gesendet und von Ihrem Browser auf der Festplatte Ihres Computers oder eines anderen Ger\u00e4ts gespeichert wird. Die darin gespeicherten Informationen k\u00f6nnen bei einem sp\u00e4teren Besuch an unsere Server oder an die Server der entsprechenden Dritten zur\u00fcckgegeben werden.<\/p>\n<p><strong><span style=\"font-size: 14pt;\">3. Was sind Skripte?<\/span><\/strong><\/p>\n<p>Ein Skript ist ein St\u00fcck Programmcode, der verwendet wird, damit unsere Website richtig und interaktiv funktioniert. Dieser Code wird auf unserem Server oder auf Ihrem Ger\u00e4t ausgef\u00fchrt.<\/p>\n<p><strong><span style=\"font-size: 14pt;\">4. Was ist ein Web-Beacon?<\/span><\/strong><\/p>\n<p>Ein Web Beacon (oder ein Pixel-Tag) ist ein kleiner, unsichtbarer Text oder ein Bild auf einer Website, das verwendet wird, um den Verkehr auf einer Website zu \u00fcberwachen. Dazu werden mittels Web Beacons verschiedene Daten \u00fcber Sie gespeichert.<\/p>\n<p><strong><span style=\"font-size: 14pt;\">5. Cookies<\/span><\/strong><\/p>\n<p class=\"cmplz-subtitle\">5.1 Technische oder funktionale Cookies<\/p>\n<p>Einige Cookies stellen sicher, dass bestimmte Teile der Website ordnungsgem\u00e4\u00df funktionieren und Ihre Benutzereinstellungen bekannt bleiben. Durch das Setzen von funktionalen Cookies erleichtern wir Ihnen den Besuch unserer Website. Auf diese Weise m\u00fcssen Sie beim Besuch unserer Website nicht immer wieder die gleichen Informationen eingeben und die Artikel bleiben beispielsweise im Warenkorb, bis Sie bezahlt haben. Wir k\u00f6nnen diese Cookies ohne Ihre Zustimmung platzieren.<\/p>\n<p class=\"cmplz-subtitle\">5.2 Statistik-Cookies<\/p>\n<p>Da Statistiken anonym verfolgt werden, wird keine Erlaubnis zum Setzen von Statistik-Cookies verlangt.<\/p>\n<p class=\"cmplz-subtitle\">5.3 Marketing-\/Tracking-Cookies<\/p>\n<p>Marketing-\/Tracking-Cookies sind Cookies oder jede andere Form der lokalen Speicherung, die verwendet werden, um Benutzerprofile zu erstellen, um Werbung anzuzeigen oder den Benutzer auf dieser Website oder \u00fcber mehrere Websites f\u00fcr \u00e4hnliche Marketingzwecke zu verfolgen.<\/p>\n<p><strong><span style=\"font-size: 14pt;\">6. Platzierte Cookies<\/span><\/strong><\/p>\n<ul>\n<li>Divi (Elegante Themen)<\/li>\n<li>Google ReCapcha<\/li>\n<\/ul>\n<p><strong><span style=\"font-size: 14pt;\">7. Zustimmung<\/span><\/strong><\/p>\n<p>Wenn Sie unsere Website zum ersten Mal besuchen, zeigen wir Ihnen ein Pop-up mit einer Erkl\u00e4rung zu Cookies an. Sobald Sie auf \u201eEinstellungen speichern\u201c klicken, stimmen Sie zu, dass wir die von Ihnen im Pop-up ausgew\u00e4hlten Kategorien von Cookies und Plug-ins verwenden, wie in dieser Cookie-Richtlinie beschrieben. Sie k\u00f6nnen die Verwendung von Cookies \u00fcber Ihren Browser deaktivieren, beachten Sie jedoch, dass unsere Website m\u00f6glicherweise nicht mehr richtig funktioniert.<\/p>\n<p><strong><span style=\"font-size: 14pt;\">8. Ihre Rechte in Bezug auf personenbezogene Daten<\/span><\/strong><\/p>\n<p>Sie haben bez\u00fcglich Ihrer personenbezogenen Daten folgende Rechte:<\/p>\n<ul>\n<li>Sie haben das Recht zu erfahren, warum Ihre personenbezogenen Daten ben\u00f6tigt werden, was mit ihnen passiert und wie lange sie gespeichert werden.<\/li>\n<li>Auskunftsrecht: Sie haben das Recht auf Auskunft \u00fcber Ihre uns bekannten personenbezogenen Daten.<\/li>\n<li>Recht auf Berichtigung: Sie haben jederzeit das Recht, Ihre personenbezogenen Daten zu erg\u00e4nzen, zu berichtigen, zu l\u00f6schen oder zu sperren.<\/li>\n<li>Wenn Sie uns Ihre Einwilligung zur Verarbeitung Ihrer Daten erteilen, haben Sie das Recht, diese Einwilligung zu widerrufen und Ihre personenbezogenen Daten l\u00f6schen zu lassen.<\/li>\n<li>Recht auf \u00dcbermittlung Ihrer Daten: Sie haben das Recht, alle Ihre personenbezogenen Daten vom Verantwortlichen anzufordern und vollst\u00e4ndig an einen anderen Verantwortlichen zu \u00fcbermitteln.<\/li>\n<li>Widerspruchsrecht: Sie k\u00f6nnen der Verarbeitung Ihrer Daten widersprechen. Dem kommen wir nach, es sei denn, es liegen berechtigte Gr\u00fcnde f\u00fcr die Verarbeitung vor.<\/li>\n<\/ul>\n<p>Um diese Rechte auszu\u00fcben, kontaktieren Sie uns bitte. Bitte beachten Sie die Kontaktdaten am Ende dieser Cookie-Richtlinie. Wenn Sie eine Beschwerde \u00fcber unseren Umgang mit Ihren Daten haben, w\u00fcrden wir gerne von Ihnen h\u00f6ren, aber Sie haben auch das Recht, eine Beschwerde bei der Aufsichtsbeh\u00f6rde (der Datenschutzbeh\u00f6rde) einzureichen.<\/p>\n<p><strong><span style=\"font-size: 14pt;\">9. Aktivieren\/Deaktivieren und L\u00f6schen von Cookies<\/span><\/strong><\/p>\n<p>Sie k\u00f6nnen Ihren Internetbrowser verwenden, um Cookies automatisch oder manuell zu l\u00f6schen. Sie k\u00f6nnen auch festlegen, dass bestimmte Cookies nicht gesetzt werden d\u00fcrfen. Eine andere M\u00f6glichkeit besteht darin, die Einstellungen Ihres Internetbrowsers so zu \u00e4ndern, dass Sie jedes Mal, wenn ein Cookie gesetzt wird, eine Nachricht erhalten. Weitere Informationen zu diesen Optionen finden Sie in den Anweisungen im Hilfebereich Ihres Browsers.<\/p>\n<p>Bitte beachten Sie, dass unsere Website m\u00f6glicherweise nicht richtig funktioniert, wenn alle Cookies deaktiviert sind. Wenn Sie die Cookies in Ihrem Browser l\u00f6schen, werden diese nach Ihrer Einwilligung bei einem erneuten Besuch unserer Webseiten erneut gesetzt.<\/p>\n<p><strong><span style=\"font-size: 14pt;\">10. Kontaktdaten<\/span><\/strong><\/p>\n<p>Bei Fragen und\/oder Kommentaren zu unserer Cookie-Richtlinie und dieser Erkl\u00e4rung kontaktieren Sie uns bitte \u00fcber die folgenden Kontaktdaten:<\/p>\n<p>Xamine GmbH<br \/>\nRoggenweg 7<br \/>\n84174 Eching<br \/>\nDeutschland<br \/>\nWebsite: <a href=\"https:\/\/xamine.com\">https:\/\/xamine.com<\/a><br \/>\nEmail:<a href=\"mailto:info@xamine.com\"> info@xamine.com<\/a><br \/>\nTelefonnummer: +49 89 1250 146-0<\/p>\n<p>Diese Cookie-Richtlinie wurde synchronisiert mit<a href=\"https:\/\/cookiedatabase.org\" target=\"_blank\" rel=\"noopener\"> cookiedatabase.org<\/a> am 18. Juli 2021<\/p>\n<\/div>\n<\/div>\n<\/div><\/div><\/div><\/div><\/div><\/p>\n<script>document.addEventListener('ayouneReady', function(e) {});<\/script>","protected":false},"excerpt":{"rendered":"","protected":false},"author":1,"featured_media":0,"parent":0,"menu_order":0,"comment_status":"closed","ping_status":"closed","template":"100-width.php","meta":{"inline_featured_image":false,"footnotes":""},"class_list":["post-4006","page","type-page","status-publish","hentry"],"yoast_head":"<!-- This site is optimized with the Yoast SEO plugin v23.0 - https:\/\/yoast.com\/wordpress\/plugins\/seo\/ -->\n<title>Cookie-Richtlinie (EU) - Xamine<\/title>\n<meta name=\"robots\" content=\"index, follow, max-snippet:-1, max-image-preview:large, max-video-preview:-1\" \/>\n<link rel=\"canonical\" href=\"https:\/\/xamine.com\/de\/cookie-richtlinie-eu\/\" \/>\n<meta property=\"og:locale\" content=\"de_DE\" \/>\n<meta property=\"og:type\" content=\"article\" \/>\n<meta property=\"og:title\" content=\"Cookie-Richtlinie (EU) - Xamine\" \/>\n<meta property=\"og:url\" content=\"https:\/\/xamine.com\/de\/cookie-richtlinie-eu\/\" \/>\n<meta property=\"og:site_name\" content=\"Xamine\" \/>\n<meta property=\"article:modified_time\" content=\"2024-04-18T15:29:06+00:00\" \/>\n<meta name=\"twitter:card\" content=\"summary_large_image\" \/>\n<meta name=\"twitter:label1\" content=\"Gesch\u00e4tzte Lesezeit\" \/>\n\t<meta name=\"twitter:data1\" content=\"9\u00a0Minuten\" \/>\n<script type=\"application\/ld+json\" class=\"yoast-schema-graph\">{\"@context\":\"https:\/\/schema.org\",\"@graph\":[{\"@type\":\"WebPage\",\"@id\":\"https:\/\/xamine.com\/de\/cookie-richtlinie-eu\/\",\"url\":\"https:\/\/xamine.com\/de\/cookie-richtlinie-eu\/\",\"name\":\"Cookie-Richtlinie (EU) - Xamine\",\"isPartOf\":{\"@id\":\"https:\/\/xamine.com\/de\/#website\"},\"datePublished\":\"2024-04-17T09:09:55+00:00\",\"dateModified\":\"2024-04-18T15:29:06+00:00\",\"breadcrumb\":{\"@id\":\"https:\/\/xamine.com\/de\/cookie-richtlinie-eu\/#breadcrumb\"},\"inLanguage\":\"de\",\"potentialAction\":[{\"@type\":\"ReadAction\",\"target\":[\"https:\/\/xamine.com\/de\/cookie-richtlinie-eu\/\"]}]},{\"@type\":\"BreadcrumbList\",\"@id\":\"https:\/\/xamine.com\/de\/cookie-richtlinie-eu\/#breadcrumb\",\"itemListElement\":[{\"@type\":\"ListItem\",\"position\":1,\"name\":\"Startseite\",\"item\":\"https:\/\/xamine.com\/de\/\"},{\"@type\":\"ListItem\",\"position\":2,\"name\":\"Cookie-Richtlinie (EU)\"}]},{\"@type\":\"WebSite\",\"@id\":\"https:\/\/xamine.com\/de\/#website\",\"url\":\"https:\/\/xamine.com\/de\/\",\"name\":\"Xamine\",\"description\":\"enable better marketing\",\"potentialAction\":[{\"@type\":\"SearchAction\",\"target\":{\"@type\":\"EntryPoint\",\"urlTemplate\":\"https:\/\/xamine.com\/de\/?s={search_term_string}\"},\"query-input\":\"required name=search_term_string\"}],\"inLanguage\":\"de\"}]}<\/script>\n<!-- \/ Yoast SEO plugin. -->","yoast_head_json":{"title":"Cookie-Richtlinie (EU) - Xamine","robots":{"index":"index","follow":"follow","max-snippet":"max-snippet:-1","max-image-preview":"max-image-preview:large","max-video-preview":"max-video-preview:-1"},"canonical":"https:\/\/xamine.com\/de\/cookie-richtlinie-eu\/","og_locale":"de_DE","og_type":"article","og_title":"Cookie-Richtlinie (EU) - Xamine","og_url":"https:\/\/xamine.com\/de\/cookie-richtlinie-eu\/","og_site_name":"Xamine","article_modified_time":"2024-04-18T15:29:06+00:00","twitter_card":"summary_large_image","twitter_misc":{"Gesch\u00e4tzte Lesezeit":"9\u00a0Minuten"},"schema":{"@context":"https:\/\/schema.org","@graph":[{"@type":"WebPage","@id":"https:\/\/xamine.com\/de\/cookie-richtlinie-eu\/","url":"https:\/\/xamine.com\/de\/cookie-richtlinie-eu\/","name":"Cookie-Richtlinie (EU) - Xamine","isPartOf":{"@id":"https:\/\/xamine.com\/de\/#website"},"datePublished":"2024-04-17T09:09:55+00:00","dateModified":"2024-04-18T15:29:06+00:00","breadcrumb":{"@id":"https:\/\/xamine.com\/de\/cookie-richtlinie-eu\/#breadcrumb"},"inLanguage":"de","potentialAction":[{"@type":"ReadAction","target":["https:\/\/xamine.com\/de\/cookie-richtlinie-eu\/"]}]},{"@type":"BreadcrumbList","@id":"https:\/\/xamine.com\/de\/cookie-richtlinie-eu\/#breadcrumb","itemListElement":[{"@type":"ListItem","position":1,"name":"Startseite","item":"https:\/\/xamine.com\/de\/"},{"@type":"ListItem","position":2,"name":"Cookie-Richtlinie (EU)"}]},{"@type":"WebSite","@id":"https:\/\/xamine.com\/de\/#website","url":"https:\/\/xamine.com\/de\/","name":"Xamine","description":"enable better marketing","potentialAction":[{"@type":"SearchAction","target":{"@type":"EntryPoint","urlTemplate":"https:\/\/xamine.com\/de\/?s={search_term_string}"},"query-input":"required name=search_term_string"}],"inLanguage":"de"}]}},"_links":{"self":[{"href":"https:\/\/xamine.com\/de\/wp-json\/wp\/v2\/pages\/4006","targetHints":{"allow":["GET"]}}],"collection":[{"href":"https:\/\/xamine.com\/de\/wp-json\/wp\/v2\/pages"}],"about":[{"href":"https:\/\/xamine.com\/de\/wp-json\/wp\/v2\/types\/page"}],"author":[{"embeddable":true,"href":"https:\/\/xamine.com\/de\/wp-json\/wp\/v2\/users\/1"}],"replies":[{"embeddable":true,"href":"https:\/\/xamine.com\/de\/wp-json\/wp\/v2\/comments?post=4006"}],"version-history":[{"count":6,"href":"https:\/\/xamine.com\/de\/wp-json\/wp\/v2\/pages\/4006\/revisions"}],"predecessor-version":[{"id":4157,"href":"https:\/\/xamine.com\/de\/wp-json\/wp\/v2\/pages\/4006\/revisions\/4157"}],"wp:attachment":[{"href":"https:\/\/xamine.com\/de\/wp-json\/wp\/v2\/media?parent=4006"}],"curies":[{"name":"wp","href":"https:\/\/api.w.org\/{rel}","templated":true}]}}